{"id":134,"date":"2025-09-28T11:07:24","date_gmt":"2025-09-28T11:07:24","guid":{"rendered":"https:\/\/gondeliusz.pl\/?page_id=134"},"modified":"2025-10-02T19:07:30","modified_gmt":"2025-10-02T19:07:30","slug":"regulamin-stolowki","status":"publish","type":"page","link":"https:\/\/gondeliusz.pl\/index.php\/regulamin-stolowki\/","title":{"rendered":"Regulamin sto\u0142\u00f3wki"},"content":{"rendered":"\t\t<div data-elementor-type=\"wp-page\" data-elementor-id=\"134\" class=\"elementor elementor-134\" data-elementor-post-type=\"page\">\n\t\t\t\t<div class=\"elementor-element elementor-element-1fb8011 e-flex e-con-boxed e-con e-parent\" data-id=\"1fb8011\" data-element_type=\"container\" data-e-type=\"container\">\n\t\t\t\t\t<div class=\"e-con-inner\">\n\t\t\t\t<div class=\"elementor-element elementor-element-12bb7cc elementor-widget elementor-widget-text-editor\" data-id=\"12bb7cc\" data-element_type=\"widget\" data-e-type=\"widget\" data-widget_type=\"text-editor.default\">\n\t\t\t\t\t\t\t\t\t<p>Regulamin sto\u0142\u00f3wki szkolnej<br \/>\u00a71. Postanowienia og\u00f3lne<br \/>1. Sto\u0142\u00f3wka szkolna jest miejscem, w kt\u00f3rym uczniowie i pracownicy szko\u0142y mog\u0105 korzysta\u0107 z posi\u0142k\u00f3w przygotowywanych na miejscu.<br \/>2. Sto\u0142\u00f3wka dzia\u0142a w oparciu o harmonogram ustalony przez dyrekcj\u0119 szko\u0142y.<br \/>3. Celem dzia\u0142alno\u015bci sto\u0142\u00f3wki jest zapewnienie zdrowych i pe\u0142nowarto\u015bciowych posi\u0142k\u00f3w oraz promowanie w\u0142a\u015bciwych nawyk\u00f3w \u017cywieniowych.<br \/>\u00a72. Godziny otwarcia<br \/>1. Sto\u0142\u00f3wka czynna jest od poniedzia\u0142ku do pi\u0105tku w godzinach 8:00 \u2013 17:00.<br \/>2. Posi\u0142ki wydawane s\u0105 zgodnie z ustalonym harmonogramem przerw lekcyjnych i godzin pracy szko\u0142y.<br \/>\u00a73. Zasady korzystania<br \/>1. Z posi\u0142k\u00f3w mog\u0105 korzysta\u0107:<br \/>a) uczniowie szko\u0142y,<br \/>b) pracownicy szko\u0142y,<br \/>c) inne osoby za zgod\u0105 dyrekcji.<br \/>2. Wydawanie posi\u0142k\u00f3w odbywa si\u0119 w wyznaczonych godzinach, podczas przerw mi\u0119dzy lekcjami.<br \/>3. Osoby korzystaj\u0105ce ze sto\u0142\u00f3wki zobowi\u0105zane s\u0105 do przestrzegania zasad higieny i kultury osobistej.<br \/>4. W sto\u0142\u00f3wce obowi\u0105zuje zakaz:<br \/>a) wnoszenia i spo\u017cywania produkt\u00f3w spoza sto\u0142\u00f3wki,<br \/>b) niszczenia wyposa\u017cenia,<br \/>c) zachowa\u0144 zak\u0142\u00f3caj\u0105cych porz\u0105dek i spok\u00f3j.<br \/>\u00a74. Odp\u0142atno\u015b\u0107<br \/>1. Posi\u0142ki s\u0105 wydawane po wcze\u015bniejszym op\u0142aceniu abonamentu (kredytu).<br \/>2. P\u0142atno\u015bci nale\u017cy dokonywa\u0107 w formie przedp\u0142aty do ostatniego dnia miesi\u0105ca poprzedzaj\u0105cego nowy okres rozliczeniowy. Wp\u0142ata jest ksi\u0119gowana w ci\u0105gu jednego dnia roboczego. Nale\u017cy to wzi\u0105\u0107 pod uwag\u0119 przy wykonywaniu przelewu. Polecamy wys\u0142anie potwierdzenia z numerem karty sto\u0142\u00f3wkowej oraz danymi ucznia na adres e-mail: abonament@gondeliusz.pl<br \/>3. Wysoko\u015b\u0107 op\u0142at ustala dyrekcja szko\u0142y w porozumieniu z organem prowadz\u0105cym sto\u0142\u00f3wk\u0119.<br \/>4. P\u0142atno\u015bci nale\u017cy wnosi\u0107 przelewem na konto bankowe: Gondeliusz Sp. z o.o.<br \/>mBank nr 82 1140 2004 0000 3202 8576 6027 lub kart\u0105 p\u0142atnicz\u0105 w sto\u0142\u00f3wce. Nie ma mo\u017cliwo\u015b\u0107 op\u0142acenia abonamentu w inny spos\u00f3b z uwagi na system rejestracji op\u0142at.<br \/>5. W tytule przelewu prosz\u0119 zwr\u00f3ci\u0107 szczeg\u00f3ln\u0105 uwag\u0119 na podanie numeru karty sto\u0142\u00f3wkowej oraz danych ucznia.<br \/>6. Niewykorzystane abonamenty (kredyty) pozostaj\u0105 na karcie do wyczerpania, a\u017c do zako\u0144czenia pierwszego p\u00f3\u0142rocza tj. do dnia 19 stycznia 2026r.<br \/>7. Ucze\u0144 ma prawo do przeznaczenia wykupionego abonamentu (kredytu) tylko na dania obiadowe.<br \/>8. Zwrot op\u0142at mo\u017ce nast\u0105pi\u0107 jedynie w szczeg\u00f3lnych przypadkach, za zgod\u0105 podmiotu prowadz\u0105cego sto\u0142\u00f3wk\u0119.<br \/>9. Kuchnia szkolna przygotowuje posi\u0142ki tak\u017ce dla uczni\u00f3w bez wykupionego abonamentu (kredytu) i jest mo\u017cliwy zakup tak\u017ce jednorazowy. Nale\u017cy jednak mie\u0107 na uwadze \u017ce pierwsze\u0144stwo ma zawsze osoba z wykupionym abonamentem (kredytem) i dla innych ch\u0119tnych mo\u017ce zabrakn\u0105\u0107 posi\u0142k\u00f3w. <br \/>\u00a75. Organizacja i porz\u0105dek<br \/>1. Uczniowie zobowi\u0105zani s\u0105 do ustawiania si\u0119 w kolejce i kulturalnego oczekiwania na posi\u0142ek.<br \/>2. Po spo\u017cyciu posi\u0142ku naczynia nale\u017cy odnie\u015b\u0107 w wyznaczone miejsce.<br \/>3. W sto\u0142\u00f3wce nale\u017cy zachowa\u0107 cisz\u0119 i porz\u0105dek, tak aby zapewni\u0107 komfort spo\u017cywania posi\u0142k\u00f3w wszystkim u\u017cytkownikom.<br \/>4. Wszelkie uszkodzenia wyposa\u017cenia nale\u017cy zg\u0142asza\u0107 pracownikom sto\u0142\u00f3wki lub wychowawcy.<br \/>\u00a76. Bezpiecze\u0144stwo i higiena<br \/>1. Na terenie sto\u0142\u00f3wki obowi\u0105zuje bezwzgl\u0119dny zakaz biegania i niew\u0142a\u015bciwego korzystania z mebli oraz sprz\u0119tu.<br \/>2. Sto\u0142\u00f3wka podlega kontrolom sanitarno\u2013epidemiologicznym i dzia\u0142a zgodnie z obowi\u0105zuj\u0105cymi przepisami prawa.<br \/>3. Osoby chore zaka\u017anie nie powinny korzysta\u0107 ze sto\u0142\u00f3wki.<br \/>\u00a77. Postanowienia ko\u0144cowe<br \/>1. Korzystanie ze sto\u0142\u00f3wki jest r\u00f3wnoznaczne z akceptacj\u0105 niniejszego regulaminu.<br \/>2. Regulamin wchodzi w \u017cycie z dniem og\u0142oszenia i obowi\u0105zuje do odwo\u0142ania.<br \/>3. W sprawach nieuregulowanych w niniejszym regulaminie decyzj\u0119 podejmuje podmiot prowadz\u0105cy sto\u0142\u00f3wk\u0119.<\/p>\t\t\t\t\t\t\t\t<\/div>\n\t\t\t\t\t<\/div>\n\t\t\t\t<\/div>\n\t\t\t\t<\/div>\n\t\t","protected":false},"excerpt":{"rendered":"<p>Regulamin sto\u0142\u00f3wki szkolnej\u00a71. Postanowienia og\u00f3lne1. Sto\u0142\u00f3wka szkolna jest miejscem, w kt\u00f3rym uczniowie i pracownicy szko\u0142y mog\u0105 korzysta\u0107 z posi\u0142k\u00f3w przygotowywanych [&hellip;]<\/p>\n","protected":false},"author":1,"featured_media":0,"parent":0,"menu_order":0,"comment_status":"closed","ping_status":"closed","template":"","meta":{"site-sidebar-layout":"default","site-content-layout":"","ast-site-content-layout":"default","site-content-style":"default","site-sidebar-style":"default","ast-global-header-display":"","ast-banner-title-visibility":"","ast-main-header-display":"","ast-hfb-above-header-display":"","ast-hfb-below-header-display":"","ast-hfb-mobile-header-display":"","site-post-title":"","ast-breadcrumbs-content":"","ast-featured-img":"","footer-sml-layout":"","ast-disable-related-posts":"","theme-transparent-header-meta":"","adv-header-id-meta":"","stick-header-meta":"","header-above-stick-meta":"","header-main-stick-meta":"","header-below-stick-meta":"","astra-migrate-meta-layouts":"default","ast-page-background-enabled":"default","ast-page-background-meta":{"desktop":{"background-color":"var(--ast-global-color-5)","background-image":"","background-repeat":"repeat","background-position":"center center","background-size":"auto","background-attachment":"scroll","background-type":"","background-media":"","overlay-type":"","overlay-color":"","overlay-opacity":"","overlay-gradient":""},"tablet":{"background-color":"","background-image":"","background-repeat":"repeat","background-position":"center center","background-size":"auto","background-attachment":"scroll","background-type":"","background-media":"","overlay-type":"","overlay-color":"","overlay-opacity":"","overlay-gradient":""},"mobile":{"background-color":"","background-image":"","background-repeat":"repeat","background-position":"center center","background-size":"auto","background-attachment":"scroll","background-type":"","background-media":"","overlay-type":"","overlay-color":"","overlay-opacity":"","overlay-gradient":""}},"ast-content-background-meta":{"desktop":{"background-color":"var(--ast-global-color-4)","background-image":"","background-repeat":"repeat","background-position":"center center","background-size":"auto","background-attachment":"scroll","background-type":"","background-media":"","overlay-type":"","overlay-color":"","overlay-opacity":"","overlay-gradient":""},"tablet":{"background-color":"var(--ast-global-color-4)","background-image":"","background-repeat":"repeat","background-position":"center center","background-size":"auto","background-attachment":"scroll","background-type":"","background-media":"","overlay-type":"","overlay-color":"","overlay-opacity":"","overlay-gradient":""},"mobile":{"background-color":"var(--ast-global-color-4)","background-image":"","background-repeat":"repeat","background-position":"center center","background-size":"auto","background-attachment":"scroll","background-type":"","background-media":"","overlay-type":"","overlay-color":"","overlay-opacity":"","overlay-gradient":""}},"footnotes":""},"class_list":["post-134","page","type-page","status-publish","hentry"],"_links":{"self":[{"href":"https:\/\/gondeliusz.pl\/index.php\/wp-json\/wp\/v2\/pages\/134","targetHints":{"allow":["GET"]}}],"collection":[{"href":"https:\/\/gondeliusz.pl\/index.php\/wp-json\/wp\/v2\/pages"}],"about":[{"href":"https:\/\/gondeliusz.pl\/index.php\/wp-json\/wp\/v2\/types\/page"}],"author":[{"embeddable":true,"href":"https:\/\/gondeliusz.pl\/index.php\/wp-json\/wp\/v2\/users\/1"}],"replies":[{"embeddable":true,"href":"https:\/\/gondeliusz.pl\/index.php\/wp-json\/wp\/v2\/comments?post=134"}],"version-history":[{"count":8,"href":"https:\/\/gondeliusz.pl\/index.php\/wp-json\/wp\/v2\/pages\/134\/revisions"}],"predecessor-version":[{"id":386,"href":"https:\/\/gondeliusz.pl\/index.php\/wp-json\/wp\/v2\/pages\/134\/revisions\/386"}],"wp:attachment":[{"href":"https:\/\/gondeliusz.pl\/index.php\/wp-json\/wp\/v2\/media?parent=134"}],"curies":[{"name":"wp","href":"https:\/\/api.w.org\/{rel}","templated":true}]}}