{"id":2,"date":"2024-12-04T08:24:30","date_gmt":"2024-12-04T08:24:30","guid":{"rendered":"http:\/\/instalatorwp671.dkonto.pl\/?page_id=2"},"modified":"2025-11-26T11:02:02","modified_gmt":"2025-11-26T11:02:02","slug":"dane-do-przelewu","status":"publish","type":"page","link":"https:\/\/gondeliusz.pl\/index.php\/dane-do-przelewu\/","title":{"rendered":"Dane do przelewu"},"content":{"rendered":"\n<p><strong>UWAGA !!! Minimalna kwota wp\u0142aty to 300z\u0142<\/strong> &#8211; mo\u017cna wp\u0142aca\u0107 wi\u0119cej. Zasilenia na kwot\u0119 ni\u017csz\u0105, b\u0119d\u0105 zwracane na konto nadawcy. W ci\u0105gu 1 dnia roboczego kredyt zostanie wprowadzony do systemu. <strong>Do\u0142adowane punkty kredytowe pozostaj\u0105 na karcie do wykorzystania, a\u017c do ko\u0144ca roku szkolnego w czerwcu 2026r. <\/strong><\/p>\n\n\n\n<p class=\"has-text-align-center has-vivid-red-color has-text-color has-link-color has-large-font-size wp-elements-200bfd2762f7fdeab1afa1a3662e3f8d\"><strong>UWAGA !!! Minimalna wp\u0142ata 300z\u0142<\/strong><\/p>\n\n\n\n<p>W ramach abonamentu, na sto\u0142\u00f3wce mo\u017cna zje\u015b\u0107 obiad z dw\u00f3ch da\u0144 i kompot. Wszelkie inne produkty nie s\u0105 obj\u0119te abonamentem.<\/p>\n\n\n\n<p>Od dnia 6 pa\u017adziernika 2025r. cena zestawu obiadowego BEZ ABONAMENTU b\u0119dzie wynosi\u0107 28z\u0142. W skali miesi\u0105ca abonament gwarantuje niezmienno\u015b\u0107 ceny i oszcz\u0119dno\u015b\u0107.<\/p>\n\n\n\n<p>Informujemy tak\u017ce, \u017ce w porze obiadowej (d\u0142uga przerwa) nie b\u0119d\u0105 serwowane przek\u0105ski typu zapiekanki, hot-dogi itp. W tym czasie b\u0119d\u0105 wydawane jedynie dania obiadowe. <\/p>\n\n\n\n<figure class=\"wp-block-image size-full is-resized\"><img decoding=\"async\" width=\"260\" height=\"98\" src=\"http:\/\/gondeliusz.pl\/wp-content\/uploads\/2025\/09\/mbank-logo-e1759065853951.jpg\" alt=\"\" class=\"wp-image-174\" style=\"width:96px;height:auto\"\/><\/figure>\n\n\n\n<p>Numer konta bankowego: <strong>82 1140 2004 0000 3202 8576 6027<\/strong><\/p>\n\n\n\n<p>Nazwa odbiorcy p\u0142atno\u015bci: <strong>Gondeliusz Sp. z o.o.<\/strong><\/p>\n\n\n\n<p>Tytu\u0142 przelewu: <strong>88880000001 Jan Kowalski<\/strong> &lt;- tutaj wpisz numer karty sto\u0142\u00f3wkowej i dane ucznia<\/p>\n\n\n\n<p><\/p>\n","protected":false},"excerpt":{"rendered":"<p>UWAGA !!! Minimalna kwota wp\u0142aty to 300z\u0142 &#8211; mo\u017cna wp\u0142aca\u0107 wi\u0119cej. Zasilenia na kwot\u0119 ni\u017csz\u0105, b\u0119d\u0105 zwracane na konto nadawcy. [&hellip;]<\/p>\n","protected":false},"author":1,"featured_media":0,"parent":0,"menu_order":0,"comment_status":"closed","ping_status":"closed","template":"","meta":{"site-sidebar-layout":"default","site-content-layout":"","ast-site-content-layout":"default","site-content-style":"default","site-sidebar-style":"default","ast-global-header-display":"","ast-banner-title-visibility":"","ast-main-header-display":"","ast-hfb-above-header-display":"","ast-hfb-below-header-display":"","ast-hfb-mobile-header-display":"","site-post-title":"","ast-breadcrumbs-content":"","ast-featured-img":"","footer-sml-layout":"","ast-disable-related-posts":"","theme-transparent-header-meta":"","adv-header-id-meta":"","stick-header-meta":"","header-above-stick-meta":"","header-main-stick-meta":"","header-below-stick-meta":"","astra-migrate-meta-layouts":"default","ast-page-background-enabled":"default","ast-page-background-meta":{"desktop":{"background-color":"var(--ast-global-color-5)","background-image":"","background-repeat":"repeat","background-position":"center center","background-size":"auto","background-attachment":"scroll","background-type":"","background-media":"","overlay-type":"","overlay-color":"","overlay-opacity":"","overlay-gradient":""},"tablet":{"background-color":"","background-image":"","background-repeat":"repeat","background-position":"center center","background-size":"auto","background-attachment":"scroll","background-type":"","background-media":"","overlay-type":"","overlay-color":"","overlay-opacity":"","overlay-gradient":""},"mobile":{"background-color":"","background-image":"","background-repeat":"repeat","background-position":"center center","background-size":"auto","background-attachment":"scroll","background-type":"","background-media":"","overlay-type":"","overlay-color":"","overlay-opacity":"","overlay-gradient":""}},"ast-content-background-meta":{"desktop":{"background-color":"var(--ast-global-color-4)","background-image":"","background-repeat":"repeat","background-position":"center center","background-size":"auto","background-attachment":"scroll","background-type":"","background-media":"","overlay-type":"","overlay-color":"","overlay-opacity":"","overlay-gradient":""},"tablet":{"background-color":"var(--ast-global-color-4)","background-image":"","background-repeat":"repeat","background-position":"center center","background-size":"auto","background-attachment":"scroll","background-type":"","background-media":"","overlay-type":"","overlay-color":"","overlay-opacity":"","overlay-gradient":""},"mobile":{"background-color":"var(--ast-global-color-4)","background-image":"","background-repeat":"repeat","background-position":"center center","background-size":"auto","background-attachment":"scroll","background-type":"","background-media":"","overlay-type":"","overlay-color":"","overlay-opacity":"","overlay-gradient":""}},"footnotes":""},"class_list":["post-2","page","type-page","status-publish","hentry"],"_links":{"self":[{"href":"https:\/\/gondeliusz.pl\/index.php\/wp-json\/wp\/v2\/pages\/2","targetHints":{"allow":["GET"]}}],"collection":[{"href":"https:\/\/gondeliusz.pl\/index.php\/wp-json\/wp\/v2\/pages"}],"about":[{"href":"https:\/\/gondeliusz.pl\/index.php\/wp-json\/wp\/v2\/types\/page"}],"author":[{"embeddable":true,"href":"https:\/\/gondeliusz.pl\/index.php\/wp-json\/wp\/v2\/users\/1"}],"replies":[{"embeddable":true,"href":"https:\/\/gondeliusz.pl\/index.php\/wp-json\/wp\/v2\/comments?post=2"}],"version-history":[{"count":12,"href":"https:\/\/gondeliusz.pl\/index.php\/wp-json\/wp\/v2\/pages\/2\/revisions"}],"predecessor-version":[{"id":452,"href":"https:\/\/gondeliusz.pl\/index.php\/wp-json\/wp\/v2\/pages\/2\/revisions\/452"}],"wp:attachment":[{"href":"https:\/\/gondeliusz.pl\/index.php\/wp-json\/wp\/v2\/media?parent=2"}],"curies":[{"name":"wp","href":"https:\/\/api.w.org\/{rel}","templated":true}]}}