{"id":73,"date":"2025-06-18T13:56:27","date_gmt":"2025-06-18T13:56:27","guid":{"rendered":"https:\/\/gondeliusz.pl\/?page_id=73"},"modified":"2025-09-30T17:56:18","modified_gmt":"2025-09-30T17:56:18","slug":"strona-domowa","status":"publish","type":"page","link":"https:\/\/gondeliusz.pl\/","title":{"rendered":"Strona domowa"},"content":{"rendered":"\n<div class=\"wp-block-cover alignfull is-light wp-duotone-magenta-yellow\" style=\"min-height:720px;aspect-ratio:unset;\"><span aria-hidden=\"true\" class=\"wp-block-cover__background has-background-dim-100 has-background-dim has-background-gradient\" style=\"background:linear-gradient(35deg,rgb(6,0,151) 0%,rgb(130,4,255) 73%,rgb(193,15,255) 100%)\"><\/span><div class=\"wp-block-cover__inner-container is-layout-flow wp-block-cover-is-layout-flow\">\n<div class=\"inherit-container-width wp-block-group alignwide is-layout-constrained wp-block-group-is-layout-constrained\">\n<div class=\"wp-block-media-text alignwide has-media-on-the-right is-stacked-on-mobile is-vertically-aligned-center\" style=\"grid-template-columns:auto 43%\"><div class=\"wp-block-media-text__content\">\n<h2 class=\"wp-block-heading has-text-align-center has-white-color has-text-color\">Zdrowe jedzenie na  naszej sto\u0142\u00f3wce<\/h2>\n\n\n\n<p class=\"has-white-color has-text-color\">Przygotowujemy \u015bwie\u017ce i smaczne posi\u0142ki w kuchni szkolnej. Nie u\u017cywamy ulepszaczy. Gotujemy tak jak w domu i tak jak sami chcieliby\u015bmy je\u015b\u0107 &#8211; <strong>czyli ZDROWO.<\/strong><\/p>\n\n\n\n<div class=\"wp-block-buttons is-layout-flex wp-block-buttons-is-layout-flex\">\n<div class=\"wp-block-button\"><a class=\"wp-block-button__link has-text-align-center wp-element-button\" href=\"https:\/\/gondeliusz.pl\/index.php\/dane-do-przelewu\/\" rel=\"nofollow\"><strong>Wp\u0142ata <\/strong>na konto<\/a><\/div>\n<\/div>\n<\/div><figure class=\"wp-block-media-text__media\"><img fetchpriority=\"high\" decoding=\"async\" width=\"1024\" height=\"683\" src=\"http:\/\/gondeliusz.pl\/wp-content\/uploads\/2025\/09\/ChatGPT-Image-21-wrz-2025-14_41_24-1024x683.png\" alt=\"\" class=\"wp-image-89 size-full\" srcset=\"https:\/\/gondeliusz.pl\/wp-content\/uploads\/2025\/09\/ChatGPT-Image-21-wrz-2025-14_41_24-1024x683.png 1024w, https:\/\/gondeliusz.pl\/wp-content\/uploads\/2025\/09\/ChatGPT-Image-21-wrz-2025-14_41_24-300x200.png 300w, https:\/\/gondeliusz.pl\/wp-content\/uploads\/2025\/09\/ChatGPT-Image-21-wrz-2025-14_41_24-768x512.png 768w, https:\/\/gondeliusz.pl\/wp-content\/uploads\/2025\/09\/ChatGPT-Image-21-wrz-2025-14_41_24.png 1536w\" sizes=\"(max-width: 1024px) 100vw, 1024px\" \/><\/figure><\/div>\n<\/div>\n<\/div><\/div>\n\n\n\n<div class=\"wp-block-group alignfull is-layout-flow wp-block-group-is-layout-flow\" id=\"services\">\n<h3 class=\"wp-block-heading alignwide\">Jak pracujemy<\/h3>\n\n\n\n<div class=\"wp-block-columns alignfull is-layout-flex wp-container-core-columns-is-layout-28f84493 wp-block-columns-is-layout-flex\">\n<div class=\"wp-block-column is-layout-constrained wp-block-column-is-layout-constrained\">\n<figure class=\"wp-block-image alignwide size-full\"><img decoding=\"async\" width=\"1024\" height=\"1536\" src=\"https:\/\/gondeliusz.pl\/wp-content\/uploads\/2025\/09\/image-1.jpg\" alt=\"\" class=\"wp-image-104\" srcset=\"https:\/\/gondeliusz.pl\/wp-content\/uploads\/2025\/09\/image-1.jpg 1024w, https:\/\/gondeliusz.pl\/wp-content\/uploads\/2025\/09\/image-1-200x300.jpg 200w, https:\/\/gondeliusz.pl\/wp-content\/uploads\/2025\/09\/image-1-683x1024.jpg 683w, https:\/\/gondeliusz.pl\/wp-content\/uploads\/2025\/09\/image-1-768x1152.jpg 768w\" sizes=\"(max-width: 1024px) 100vw, 1024px\" \/><\/figure>\n\n\n\n<h3 class=\"wp-block-heading\" style=\"margin-top:16px\">Dobre produkty<\/h3>\n\n\n\n<p>U\u017cywamy jedynie \u015bwie\u017cych produkt\u00f3w od sprawdzonych dostawc\u00f3w. To daje gwarancj\u0119 zadowolenia klient\u00f3w.<\/p>\n<\/div>\n\n\n\n<div class=\"wp-block-column is-layout-flow wp-container-core-column-is-layout-6b73ce23 wp-block-column-is-layout-flow\">\n<figure class=\"wp-block-image size-full\"><img decoding=\"async\" width=\"1024\" height=\"1536\" src=\"https:\/\/gondeliusz.pl\/wp-content\/uploads\/2025\/09\/image-2.jpg\" alt=\"\" class=\"wp-image-105\" srcset=\"https:\/\/gondeliusz.pl\/wp-content\/uploads\/2025\/09\/image-2.jpg 1024w, https:\/\/gondeliusz.pl\/wp-content\/uploads\/2025\/09\/image-2-200x300.jpg 200w, https:\/\/gondeliusz.pl\/wp-content\/uploads\/2025\/09\/image-2-683x1024.jpg 683w, https:\/\/gondeliusz.pl\/wp-content\/uploads\/2025\/09\/image-2-768x1152.jpg 768w\" sizes=\"(max-width: 1024px) 100vw, 1024px\" \/><\/figure>\n\n\n\n<h3 class=\"wp-block-heading\" style=\"margin-top:16px\">Do\u015bwiadczona kucharka<\/h3>\n\n\n\n<p>Dzi\u0119ki ponad 10 letniemu do\u015bwiadczeniu w \u017cywieniu zbiorowym, mo\u017cemy pochwali\u0107 si\u0119 doskona\u0142ym smakiem naszych posi\u0142k\u00f3w.<\/p>\n<\/div>\n\n\n\n<div class=\"wp-block-column is-layout-flow wp-container-core-column-is-layout-6b73ce23 wp-block-column-is-layout-flow\">\n<figure class=\"wp-block-image size-full\"><img loading=\"lazy\" decoding=\"async\" width=\"1024\" height=\"1536\" src=\"https:\/\/gondeliusz.pl\/wp-content\/uploads\/2025\/09\/image-3.jpg\" alt=\"\" class=\"wp-image-106\" srcset=\"https:\/\/gondeliusz.pl\/wp-content\/uploads\/2025\/09\/image-3.jpg 1024w, https:\/\/gondeliusz.pl\/wp-content\/uploads\/2025\/09\/image-3-200x300.jpg 200w, https:\/\/gondeliusz.pl\/wp-content\/uploads\/2025\/09\/image-3-683x1024.jpg 683w, https:\/\/gondeliusz.pl\/wp-content\/uploads\/2025\/09\/image-3-768x1152.jpg 768w\" sizes=\"(max-width: 1024px) 100vw, 1024px\" \/><\/figure>\n\n\n\n<h3 class=\"wp-block-heading\" style=\"margin-top:16px\">Mi\u0142a i sprawna obs\u0142uga<\/h3>\n\n\n\n<p>Nasz personej szybko poda zam\u00f3wione produkty. Dok\u0142adamy wszelkich stara\u0144 aby na przerwie mo\u017cna by\u0142o spokojnie skorzysta\u0107 z oferty naszej sto\u0142\u00f3wki.<\/p>\n<\/div>\n<\/div>\n<\/div>\n\n\n\n<div class=\"wp-block-group alignfull has-ast-global-color-5-background-color has-background is-layout-constrained wp-container-core-group-is-layout-94d206d0 wp-block-group-is-layout-constrained\" id=\"about\" style=\"padding-top:143px;padding-bottom:144px\">\n<div class=\"wp-block-media-text has-media-on-the-right is-stacked-on-mobile is-vertically-aligned-center\"><div class=\"wp-block-media-text__content\">\n<div class=\"inherit-container-width wp-block-group is-layout-constrained wp-container-core-group-is-layout-47ce07ec wp-block-group-is-layout-constrained\" style=\"padding-right:80px\">\n<h3 class=\"wp-block-heading\" style=\"padding-right:40px\">Nasz dorobek zawodowy<\/h3>\n\n\n\n<p>Sto\u0142\u00f3wka szkolana, prowadzona jest przez firm\u0119 Gondeliusz Sp.z o.o. jest to kontynuacja dzia\u0142alno\u015bci pod nazw\u0105 Bar Natura.<\/p>\n\n\n\n<p>Bar Natura jest nadal istniej\u0105c\u0105 firm\u0105, kt\u00f3r\u0105 z rado\u015bci\u0105 si\u0119 chwalimy. To tutaj zdobyli\u015bmy do\u015bwiadczenie w bran\u017cy gastronomicznej, karmi\u0105c mieszka\u0144c\u00f3w osiedla Stegny ju\u017c od ponad 10 lat. Ich uznanie i pochwa\u0142y pozwoli\u0142y nam na dalszy rozw\u00f3j w tej wymagaj\u0105cej bran\u017cy.<\/p>\n<\/div>\n<\/div><figure class=\"wp-block-media-text__media\"><img loading=\"lazy\" decoding=\"async\" width=\"1024\" height=\"683\" src=\"http:\/\/gondeliusz.pl\/wp-content\/uploads\/2025\/09\/image-1024x683.jpg\" alt=\"\" class=\"wp-image-97 size-full\" srcset=\"https:\/\/gondeliusz.pl\/wp-content\/uploads\/2025\/09\/image-1024x683.jpg 1024w, https:\/\/gondeliusz.pl\/wp-content\/uploads\/2025\/09\/image-300x200.jpg 300w, https:\/\/gondeliusz.pl\/wp-content\/uploads\/2025\/09\/image-768x512.jpg 768w, https:\/\/gondeliusz.pl\/wp-content\/uploads\/2025\/09\/image.jpg 1536w\" sizes=\"(max-width: 1024px) 100vw, 1024px\" \/><\/figure><\/div>\n<\/div>\n","protected":false},"excerpt":{"rendered":"<p>Jak pracujemy Dobre produkty U\u017cywamy jedynie \u015bwie\u017cych produkt\u00f3w od sprawdzonych dostawc\u00f3w. To daje gwarancj\u0119 zadowolenia klient\u00f3w. Do\u015bwiadczona kucharka Dzi\u0119ki ponad [&hellip;]<\/p>\n","protected":false},"author":1,"featured_media":0,"parent":0,"menu_order":0,"comment_status":"closed","ping_status":"closed","template":"","meta":{"site-sidebar-layout":"no-sidebar","site-content-layout":"plain-container","ast-site-content-layout":"default","site-content-style":"default","site-sidebar-style":"default","ast-global-header-display":"","ast-banner-title-visibility":"","ast-main-header-display":"","ast-hfb-above-header-display":"","ast-hfb-below-header-display":"","ast-hfb-mobile-header-display":"","site-post-title":"disabled","ast-breadcrumbs-content":"","ast-featured-img":"","footer-sml-layout":"","ast-disable-related-posts":"","theme-transparent-header-meta":"enabled","adv-header-id-meta":"","stick-header-meta":"","header-above-stick-meta":"","header-main-stick-meta":"","header-below-stick-meta":"","astra-migrate-meta-layouts":"default","ast-page-background-enabled":"default","ast-page-background-meta":{"desktop":{"background-color":"var(--ast-global-color-5)","background-image":"","background-repeat":"repeat","background-position":"center center","background-size":"auto","background-attachment":"scroll","background-type":"","background-media":"","overlay-type":"","overlay-color":"","overlay-opacity":"","overlay-gradient":""},"tablet":{"background-color":"","background-image":"","background-repeat":"repeat","background-position":"center center","background-size":"auto","background-attachment":"scroll","background-type":"","background-media":"","overlay-type":"","overlay-color":"","overlay-opacity":"","overlay-gradient":""},"mobile":{"background-color":"","background-image":"","background-repeat":"repeat","background-position":"center center","background-size":"auto","background-attachment":"scroll","background-type":"","background-media":"","overlay-type":"","overlay-color":"","overlay-opacity":"","overlay-gradient":""}},"ast-content-background-meta":{"desktop":{"background-color":"var(--ast-global-color-4)","background-image":"","background-repeat":"repeat","background-position":"center center","background-size":"auto","background-attachment":"scroll","background-type":"","background-media":"","overlay-type":"","overlay-color":"","overlay-opacity":"","overlay-gradient":""},"tablet":{"background-color":"var(--ast-global-color-4)","background-image":"","background-repeat":"repeat","background-position":"center center","background-size":"auto","background-attachment":"scroll","background-type":"","background-media":"","overlay-type":"","overlay-color":"","overlay-opacity":"","overlay-gradient":""},"mobile":{"background-color":"var(--ast-global-color-4)","background-image":"","background-repeat":"repeat","background-position":"center center","background-size":"auto","background-attachment":"scroll","background-type":"","background-media":"","overlay-type":"","overlay-color":"","overlay-opacity":"","overlay-gradient":""}},"footnotes":""},"class_list":["post-73","page","type-page","status-publish","hentry"],"_links":{"self":[{"href":"https:\/\/gondeliusz.pl\/index.php\/wp-json\/wp\/v2\/pages\/73","targetHints":{"allow":["GET"]}}],"collection":[{"href":"https:\/\/gondeliusz.pl\/index.php\/wp-json\/wp\/v2\/pages"}],"about":[{"href":"https:\/\/gondeliusz.pl\/index.php\/wp-json\/wp\/v2\/types\/page"}],"author":[{"embeddable":true,"href":"https:\/\/gondeliusz.pl\/index.php\/wp-json\/wp\/v2\/users\/1"}],"replies":[{"embeddable":true,"href":"https:\/\/gondeliusz.pl\/index.php\/wp-json\/wp\/v2\/comments?post=73"}],"version-history":[{"count":28,"href":"https:\/\/gondeliusz.pl\/index.php\/wp-json\/wp\/v2\/pages\/73\/revisions"}],"predecessor-version":[{"id":371,"href":"https:\/\/gondeliusz.pl\/index.php\/wp-json\/wp\/v2\/pages\/73\/revisions\/371"}],"wp:attachment":[{"href":"https:\/\/gondeliusz.pl\/index.php\/wp-json\/wp\/v2\/media?parent=73"}],"curies":[{"name":"wp","href":"https:\/\/api.w.org\/{rel}","templated":true}]}}